{"id":45873,"date":"2026-03-10T02:50:03","date_gmt":"2026-03-10T02:50:03","guid":{"rendered":"https:\/\/beautystore-sa.com\/products\/%d8%b5%d8%a7%d8%a8%d9%88%d9%86-%d8%b3%d8%a7%d8%a6%d9%84-%d9%85%d9%85%d9%8a%d8%b2-%d8%a8%d8%b1%d8%a7%d8%a6%d8%ad%d8%a9-%d9%83%d8%b1%d9%8a%d9%85-%d8%a8%d8%b1%d9%88%d9%84%d9%8a%d9%87-%d9%85%d9%85%d8%b2\/"},"modified":"2026-03-10T02:51:36","modified_gmt":"2026-03-10T02:51:36","slug":"%d8%b5%d8%a7%d8%a8%d9%88%d9%86-%d8%b3%d8%a7%d8%a6%d9%84-%d9%85%d9%85%d9%8a%d8%b2-%d8%a8%d8%b1%d8%a7%d8%a6%d8%ad%d8%a9-%d9%83%d8%b1%d9%8a%d9%85-%d8%a8%d8%b1%d9%88%d9%84%d9%8a%d9%87-%d9%85%d9%85%d8%b2","status":"publish","type":"product","link":"https:\/\/beautystore-sa.com\/en\/products\/%d8%b5%d8%a7%d8%a8%d9%88%d9%86-%d8%b3%d8%a7%d8%a6%d9%84-%d9%85%d9%85%d9%8a%d8%b2-%d8%a8%d8%b1%d8%a7%d8%a6%d8%ad%d8%a9-%d9%83%d8%b1%d9%8a%d9%85-%d8%a8%d8%b1%d9%88%d9%84%d9%8a%d9%87-%d9%85%d9%85%d8%b2\/","title":{"rendered":"Cr\u00e8me Br\u00fbl\u00e9e Scented Liquid Soap with Olive Oil \u2013 600 ml"},"content":{"rendered":"<p data-start=\"5669\" data-end=\"5860\">Cr\u00e8me Br\u00fbl\u00e9e Scented Liquid Soap provides a warm and comforting fragrance inspired by the famous dessert. Enriched with olive oil, it gently cleanses the skin while helping maintain softness.<\/p>\n<p data-start=\"5862\" data-end=\"6010\"><strong data-start=\"5862\" data-end=\"5878\">Ingredients:<\/strong><br data-start=\"5878\" data-end=\"5881\" \/>Aqua, Sodium Laureth Sulfate, Cocamidopropyl Betaine, Glycerin, Olive Oil, Sodium Chloride, Parfum, Citric Acid, Sodium Benzoate.<\/p>\n<p data-start=\"6012\" data-end=\"6100\"><strong data-start=\"6012\" data-end=\"6025\">Warnings:<\/strong><br data-start=\"6025\" data-end=\"6028\" \/>For external use only. Keep away from children. Avoid contact with eyes.<\/p>\n<p data-start=\"6102\" data-end=\"6182\"><strong data-start=\"6102\" data-end=\"6115\">Lifetime:<\/strong><br data-start=\"6115\" data-end=\"6118\" \/>Three years after the production date &amp; 12 months after opening.<\/p>\n<p data-start=\"6184\" data-end=\"6202\"><strong data-start=\"6184\" data-end=\"6202\">Made in Turkey<\/strong><\/p>\n","protected":false},"excerpt":{"rendered":"<p data-start=\"6306\" data-end=\"6402\">Cr\u00e8me Br\u00fbl\u00e9e scented liquid soap enriched with olive oil \u2013 600 ml.<\/p>\n","protected":false},"featured_media":45871,"comment_status":"closed","ping_status":"closed","template":"","meta":[],"product_brand":[],"product_cat":[555,588],"product_tag":[],"class_list":{"0":"post-45873","1":"product","2":"type-product","3":"status-publish","4":"has-post-thumbnail","6":"product_cat-personal-care","7":"product_cat-hand-soaps","9":"first","10":"instock","11":"sale","12":"taxable","13":"shipping-taxable","14":"purchasable","15":"product-type-simple"},"_links":{"self":[{"href":"https:\/\/beautystore-sa.com\/en\/wp-json\/wp\/v2\/product\/45873","targetHints":{"allow":["GET"]}}],"collection":[{"href":"https:\/\/beautystore-sa.com\/en\/wp-json\/wp\/v2\/product"}],"about":[{"href":"https:\/\/beautystore-sa.com\/en\/wp-json\/wp\/v2\/types\/product"}],"replies":[{"embeddable":true,"href":"https:\/\/beautystore-sa.com\/en\/wp-json\/wp\/v2\/comments?post=45873"}],"version-history":[{"count":1,"href":"https:\/\/beautystore-sa.com\/en\/wp-json\/wp\/v2\/product\/45873\/revisions"}],"predecessor-version":[{"id":45874,"href":"https:\/\/beautystore-sa.com\/en\/wp-json\/wp\/v2\/product\/45873\/revisions\/45874"}],"wp:featuredmedia":[{"embeddable":true,"href":"https:\/\/beautystore-sa.com\/en\/wp-json\/wp\/v2\/media\/45871"}],"wp:attachment":[{"href":"https:\/\/beautystore-sa.com\/en\/wp-json\/wp\/v2\/media?parent=45873"}],"wp:term":[{"taxonomy":"product_brand","embeddable":true,"href":"https:\/\/beautystore-sa.com\/en\/wp-json\/wp\/v2\/product_brand?post=45873"},{"taxonomy":"product_cat","embeddable":true,"href":"https:\/\/beautystore-sa.com\/en\/wp-json\/wp\/v2\/product_cat?post=45873"},{"taxonomy":"product_tag","embeddable":true,"href":"https:\/\/beautystore-sa.com\/en\/wp-json\/wp\/v2\/product_tag?post=45873"}],"curies":[{"name":"wp","href":"https:\/\/api.w.org\/{rel}","templated":true}]}}