{"id":45836,"date":"2026-03-10T01:43:46","date_gmt":"2026-03-10T01:43:46","guid":{"rendered":"https:\/\/beautystore-sa.com\/products\/%d9%83%d9%88%d9%84%d9%88%d9%86%d9%8a%d8%a7-%d8%a8%d8%b1%d8%a7%d8%a6%d8%ad%d8%a9-%d9%84%d9%8a%d9%85%d9%88%d9%86-%d8%aa%d8%b4%d9%8a%d8%b4%d9%85%d9%8a-100-%d9%85%d9%84-%d8%b9%d8%a8%d9%88%d8%a9\/"},"modified":"2026-03-10T01:45:11","modified_gmt":"2026-03-10T01:45:11","slug":"%d9%83%d9%88%d9%84%d9%88%d9%86%d9%8a%d8%a7-%d8%a8%d8%b1%d8%a7%d8%a6%d8%ad%d8%a9-%d9%84%d9%8a%d9%85%d9%88%d9%86-%d8%aa%d8%b4%d9%8a%d8%b4%d9%85%d9%8a-100-%d9%85%d9%84-%d8%b9%d8%a8%d9%88%d8%a9","status":"publish","type":"product","link":"https:\/\/beautystore-sa.com\/en\/products\/%d9%83%d9%88%d9%84%d9%88%d9%86%d9%8a%d8%a7-%d8%a8%d8%b1%d8%a7%d8%a6%d8%ad%d8%a9-%d9%84%d9%8a%d9%85%d9%88%d9%86-%d8%aa%d8%b4%d9%8a%d8%b4%d9%85%d9%8a-100-%d9%85%d9%84-%d8%b9%d8%a8%d9%88%d8%a9\/","title":{"rendered":"\u00c7e\u015fme Lemon Eau de Cologne \u2013 100 ml Spray Bottle (PET)"},"content":{"rendered":"<p data-start=\"930\" data-end=\"1293\">\u00c7e\u015fme Lemon Eau de Cologne offers a vibrant and refreshing fragrance experience. The scent opens with bright notes of \u00c7e\u015fme lemon and lemon tree leaves, followed by a heart of lemon blossom and white flowers that bring a sense of freshness and vitality. The base notes of oakmoss and musk add a calm and balanced finish that lingers pleasantly throughout the day.<\/p>\n<p data-start=\"1295\" data-end=\"1480\"><strong data-start=\"1295\" data-end=\"1311\">Ingredients:<\/strong><br data-start=\"1311\" data-end=\"1314\" \/>Alcohol Denat., Aqua, Parfum, Citral, Citrus Aurantium Dulcis (Orange) Peel Oil, Citrus Limon (Lemon) Peel Oil, Geraniol, Geranyl Acetate, Limonene, Linalool, Pinene.<\/p>\n<p data-start=\"1482\" data-end=\"1639\"><strong data-start=\"1482\" data-end=\"1495\">Warnings:<\/strong><br data-start=\"1495\" data-end=\"1498\" \/>Keep in a cool and dry place. Protect from direct sunlight. Not drinkable. It is flammable. Keep away from children. Avoid contact with eyes.<\/p>\n<p data-start=\"1641\" data-end=\"1729\"><strong data-start=\"1641\" data-end=\"1654\">Lifetime:<\/strong><br data-start=\"1654\" data-end=\"1657\" \/>Three years after the production date &amp; 12 months after opening the cap.<\/p>\n<p data-start=\"1731\" data-end=\"1749\"><strong data-start=\"1731\" data-end=\"1749\">Made in Turkey<\/strong><\/p>\n","protected":false},"excerpt":{"rendered":"<div class=\"text-base my-auto mx-auto [--thread-content-margin:var(--thread-content-margin-xs,calc(var(--spacing)*4))] @w-sm\/main:[--thread-content-margin:var(--thread-content-margin-sm,calc(var(--spacing)*6))] @w-lg\/main:[--thread-content-margin:var(--thread-content-margin-lg,calc(var(--spacing)*16))] px-(--thread-content-margin)\">\n<div class=\"[--thread-content-max-width:40rem] @w-lg\/main:[--thread-content-max-width:48rem] mx-auto max-w-(--thread-content-max-width) flex-1 group\/turn-messages focus-visible:outline-hidden relative flex w-full min-w-0 flex-col agent-turn\" tabindex=\"-1\">\n<div class=\"flex max-w-full flex-col gap-4 grow\">\n<div class=\"min-h-8 text-message relative flex w-full flex-col items-end gap-2 text-start break-words whitespace-normal [.text-message+&amp;]:mt-1\" dir=\"auto\" data-message-author-role=\"assistant\" data-message-id=\"470fad07-bbeb-4bef-a47c-c38bc634a1f8\" data-message-model-slug=\"gpt-5-3\">\n<div class=\"flex w-full flex-col gap-1 empty:hidden\">\n<div class=\"markdown prose dark:prose-invert w-full wrap-break-word light markdown-new-styling\">\n<p data-start=\"1901\" data-end=\"2048\" data-is-last-node=\"\" data-is-only-node=\"\">Refreshing \u00c7e\u015fme Lemon scented eau de cologne with notes of lemon blossom, white flowers, musk, and oakmoss \u2013 100 ml.<\/p>\n<\/div>\n<\/div>\n<\/div>\n<\/div>\n<\/div>\n<\/div>\n","protected":false},"featured_media":45834,"comment_status":"closed","ping_status":"closed","template":"","meta":[],"product_brand":[],"product_cat":[554],"product_tag":[],"class_list":{"0":"post-45836","1":"product","2":"type-product","3":"status-publish","4":"has-post-thumbnail","6":"product_cat-cologne-en","8":"first","9":"instock","10":"sale","11":"taxable","12":"shipping-taxable","13":"purchasable","14":"product-type-simple"},"_links":{"self":[{"href":"https:\/\/beautystore-sa.com\/en\/wp-json\/wp\/v2\/product\/45836","targetHints":{"allow":["GET"]}}],"collection":[{"href":"https:\/\/beautystore-sa.com\/en\/wp-json\/wp\/v2\/product"}],"about":[{"href":"https:\/\/beautystore-sa.com\/en\/wp-json\/wp\/v2\/types\/product"}],"replies":[{"embeddable":true,"href":"https:\/\/beautystore-sa.com\/en\/wp-json\/wp\/v2\/comments?post=45836"}],"version-history":[{"count":1,"href":"https:\/\/beautystore-sa.com\/en\/wp-json\/wp\/v2\/product\/45836\/revisions"}],"predecessor-version":[{"id":45837,"href":"https:\/\/beautystore-sa.com\/en\/wp-json\/wp\/v2\/product\/45836\/revisions\/45837"}],"wp:featuredmedia":[{"embeddable":true,"href":"https:\/\/beautystore-sa.com\/en\/wp-json\/wp\/v2\/media\/45834"}],"wp:attachment":[{"href":"https:\/\/beautystore-sa.com\/en\/wp-json\/wp\/v2\/media?parent=45836"}],"wp:term":[{"taxonomy":"product_brand","embeddable":true,"href":"https:\/\/beautystore-sa.com\/en\/wp-json\/wp\/v2\/product_brand?post=45836"},{"taxonomy":"product_cat","embeddable":true,"href":"https:\/\/beautystore-sa.com\/en\/wp-json\/wp\/v2\/product_cat?post=45836"},{"taxonomy":"product_tag","embeddable":true,"href":"https:\/\/beautystore-sa.com\/en\/wp-json\/wp\/v2\/product_tag?post=45836"}],"curies":[{"name":"wp","href":"https:\/\/api.w.org\/{rel}","templated":true}]}}