{"id":33717,"date":"2024-04-05T01:10:45","date_gmt":"2024-04-05T01:10:45","guid":{"rendered":"https:\/\/beautystore-sa.com\/products\/%d9%83%d8%b1%d9%8a%d9%85-%d8%a8%d8%b2%d9%8a%d8%aa-%d8%a7%d9%84%d8%b2%d9%8a%d8%aa%d9%88%d9%86-%d8%a7%d9%84%d8%b7%d8%a8%d9%8a%d8%b9%d9%8a-50-%d9%85%d9%84\/"},"modified":"2024-04-22T18:40:46","modified_gmt":"2024-04-22T16:40:46","slug":"%d9%83%d8%b1%d9%8a%d9%85-%d8%a8%d8%b2%d9%8a%d8%aa-%d8%a7%d9%84%d8%b2%d9%8a%d8%aa%d9%88%d9%86-%d8%a7%d9%84%d8%b7%d8%a8%d9%8a%d8%b9%d9%8a-50-%d9%85%d9%84","status":"publish","type":"product","link":"https:\/\/beautystore-sa.com\/en\/products\/%d9%83%d8%b1%d9%8a%d9%85-%d8%a8%d8%b2%d9%8a%d8%aa-%d8%a7%d9%84%d8%b2%d9%8a%d8%aa%d9%88%d9%86-%d8%a7%d9%84%d8%b7%d8%a8%d9%8a%d8%b9%d9%8a-50-%d9%85%d9%84\/","title":{"rendered":"Ayvalik Olive Blossom Natural Olive Oil Hand and Body Cream 50 ML"},"content":{"rendered":"<p>An excellent moisturizer with the scent of olive flowers growing in the clean air from Kazda\u011f\u0131 and Madra Mountains Eyup Sabri Tuncer Ayval\u0131k Olive Flower Hand and Body Cream with Natural Olive Oil adapts to every skin type thanks to its unique formula that respects nature and applies excellent care against external factors on all of your skin, especially your hands.<\/p>\n<p>Ingredients<\/p>\n<p>Aqua, Cetearyl Alcohol, Glycerin, Glyceryl Stearate SE, Stearic Acid, Caprylic\/Capric Triglyceride, Ceteareth-25, Butyrospermum Parkii Butter, Stearly Stearate, Paraffinum Liquidum, Dimethicone, Isopropyl Myristate , Olea Europaea Fruit Oil, Cera Microcristallina, Hydrogenated Vegetable Oil, Parfum, Cyclopentasiloxane, Propylene Glycol, Phenoxyethanol, Hydroxyethyl Acrylate Sodium Acryloyldimethyl Taurate Copolymer, Benzephenone 4, Benzephenone 3, Tocopherly Acetate, Caprylyl Glycol, Sodium PCA, Tetrasodium EDTA, Citronellol, Alpha Isomethyl Ionone, Geraniol, Hexyl Cinnamal, Hyroxycitronellal, Linalool.<\/p>\n<p>Warnings:<\/p>\n<p>Store at room temperature. Protect from direct sunlight. For external use.<\/p>\n<p>Lifetime:<br \/>\n12 months After opening the cap<\/p>\n<p>Made in Turkey<\/p>\n","protected":false},"excerpt":{"rendered":"<p>An excellent moisturizer with the scent of olive flowers growing in the clean air from Kazda\u011f\u0131 and Madra Mountains Eyup Sabri Tuncer Ayval\u0131k Olive Flower Hand and Body Cream with Natural Olive Oil adapts to every skin type thanks to its unique formula that respects nature and applies excellent care against external factors on all of your skin, especially your hands.<\/p>\n","protected":false},"featured_media":29683,"comment_status":"closed","ping_status":"closed","template":"","meta":[],"product_brand":[],"product_cat":[555,559],"product_tag":[],"class_list":{"0":"post-33717","1":"product","2":"type-product","3":"status-publish","4":"has-post-thumbnail","6":"product_cat-personal-care","7":"product_cat-lotion-cream-en","9":"first","10":"instock","11":"sale","12":"taxable","13":"shipping-taxable","14":"purchasable","15":"product-type-simple"},"_links":{"self":[{"href":"https:\/\/beautystore-sa.com\/en\/wp-json\/wp\/v2\/product\/33717","targetHints":{"allow":["GET"]}}],"collection":[{"href":"https:\/\/beautystore-sa.com\/en\/wp-json\/wp\/v2\/product"}],"about":[{"href":"https:\/\/beautystore-sa.com\/en\/wp-json\/wp\/v2\/types\/product"}],"replies":[{"embeddable":true,"href":"https:\/\/beautystore-sa.com\/en\/wp-json\/wp\/v2\/comments?post=33717"}],"version-history":[{"count":0,"href":"https:\/\/beautystore-sa.com\/en\/wp-json\/wp\/v2\/product\/33717\/revisions"}],"wp:featuredmedia":[{"embeddable":true,"href":"https:\/\/beautystore-sa.com\/en\/wp-json\/wp\/v2\/media\/29683"}],"wp:attachment":[{"href":"https:\/\/beautystore-sa.com\/en\/wp-json\/wp\/v2\/media?parent=33717"}],"wp:term":[{"taxonomy":"product_brand","embeddable":true,"href":"https:\/\/beautystore-sa.com\/en\/wp-json\/wp\/v2\/product_brand?post=33717"},{"taxonomy":"product_cat","embeddable":true,"href":"https:\/\/beautystore-sa.com\/en\/wp-json\/wp\/v2\/product_cat?post=33717"},{"taxonomy":"product_tag","embeddable":true,"href":"https:\/\/beautystore-sa.com\/en\/wp-json\/wp\/v2\/product_tag?post=33717"}],"curies":[{"name":"wp","href":"https:\/\/api.w.org\/{rel}","templated":true}]}}