{"id":33535,"date":"2024-04-04T23:10:17","date_gmt":"2024-04-04T23:10:17","guid":{"rendered":"https:\/\/beautystore-sa.com\/products\/%d8%b5%d8%a7%d8%a8%d9%88%d9%86-%d9%8a%d8%af-%d8%b1%d8%ba%d9%88%d9%8a-%d8%a8%d8%ae%d9%84%d8%a7%d8%b5%d8%a9-%d8%b2%d9%8a%d8%aa-%d8%a7%d9%84%d8%b2%d9%8a%d8%aa%d9%88%d9%86-%d9%88%d8%a7%d9%84%d9%84%d9%8a\/"},"modified":"2024-04-22T18:40:47","modified_gmt":"2024-04-22T16:40:47","slug":"%d8%b5%d8%a7%d8%a8%d9%88%d9%86-%d9%8a%d8%af-%d8%b1%d8%ba%d9%88%d9%8a-%d8%a8%d8%ae%d9%84%d8%a7%d8%b5%d8%a9-%d8%b2%d9%8a%d8%aa-%d8%a7%d9%84%d8%b2%d9%8a%d8%aa%d9%88%d9%86-%d9%88%d8%a7%d9%84%d9%84%d9%8a","status":"publish","type":"product","link":"https:\/\/beautystore-sa.com\/en\/products\/%d8%b5%d8%a7%d8%a8%d9%88%d9%86-%d9%8a%d8%af-%d8%b1%d8%ba%d9%88%d9%8a-%d8%a8%d8%ae%d9%84%d8%a7%d8%b5%d8%a9-%d8%b2%d9%8a%d8%aa-%d8%a7%d9%84%d8%b2%d9%8a%d8%aa%d9%88%d9%86-%d9%88%d8%a7%d9%84%d9%84%d9%8a\/","title":{"rendered":"\u00c7e\u015fme Lemon Foam Soap with Natural Olive Oil 500 ML"},"content":{"rendered":"<p>Ey\u00fcp Sabri Tuncer \u00c7e\u015fme Lemon Natural Olive Oil Foam Soap is a daily cleansing product for hands and face, containing 100% natural olive oil. It provides unique purification, moisturizes, softens, and cares, and is safe for all skin types. The soap&#8217;s unique scent of local \u00c7e\u015fme lemon is refreshing.<\/p>\n<p>Ingredients:<br \/>\nAqua, Sodium Laureth Sulfate, Cocamidopropyl Betaine, Polysorbate 20, Glycerin, Sodium PEG-7 Olive Oil Carboxylate, Parfum, Cocamine Oxide, C12-13 Pareth-9, Glycereth-17 Cocoate, Olea Europaea Fruit Oil, Benzyl Alcohol, Methylchloroisothiazolinone, Methlisothiazolinone , Citric Acid, Benzophenone-4, Tetrasodium EDTA, Citral, Limonene, CI 47005, CI 15985.<\/p>\n<p>Usage:<br \/>\nWet your hands, spread an appropriate amount of Ey\u00fcp Sabri Tuncer \u00c7e\u015fme Lemon Natural Olive Oil Foam Soap onto your hands, and rinse gently.<\/p>\n<p>Warnings:<br \/>\nKeep in a cool and dry place.<br \/>\nProtect from direct sunlight, Not drinkable. It is flammable.<br \/>\nKeep away from children. Avoid contact with eyes.<\/p>\n<p>Lifetime:<br \/>\nThree years after the production date &amp; After opening the cap 12 months.<\/p>\n<p>Made in Turkey<\/p>\n","protected":false},"excerpt":{"rendered":"<p>Ey\u00fcp Sabri Tuncer \u00c7e\u015fme Lemon Natural Olive Oil Foam Soap is a daily cleansing product for hands and face, containing 100% natural olive oil. It provides unique purification, moisturizes, softens, and cares, and is safe for all skin types. The soap&#8217;s unique scent of local \u00c7e\u015fme lemon is refreshing.<\/p>\n<p>&nbsp;<\/p>\n","protected":false},"featured_media":29312,"comment_status":"open","ping_status":"closed","template":"","meta":[],"product_brand":[],"product_cat":[555,588],"product_tag":[],"class_list":{"0":"post-33535","1":"product","2":"type-product","3":"status-publish","4":"has-post-thumbnail","6":"product_cat-personal-care","7":"product_cat-hand-soaps","9":"first","10":"instock","11":"sale","12":"taxable","13":"shipping-taxable","14":"purchasable","15":"product-type-simple"},"_links":{"self":[{"href":"https:\/\/beautystore-sa.com\/en\/wp-json\/wp\/v2\/product\/33535","targetHints":{"allow":["GET"]}}],"collection":[{"href":"https:\/\/beautystore-sa.com\/en\/wp-json\/wp\/v2\/product"}],"about":[{"href":"https:\/\/beautystore-sa.com\/en\/wp-json\/wp\/v2\/types\/product"}],"replies":[{"embeddable":true,"href":"https:\/\/beautystore-sa.com\/en\/wp-json\/wp\/v2\/comments?post=33535"}],"version-history":[{"count":0,"href":"https:\/\/beautystore-sa.com\/en\/wp-json\/wp\/v2\/product\/33535\/revisions"}],"wp:featuredmedia":[{"embeddable":true,"href":"https:\/\/beautystore-sa.com\/en\/wp-json\/wp\/v2\/media\/29312"}],"wp:attachment":[{"href":"https:\/\/beautystore-sa.com\/en\/wp-json\/wp\/v2\/media?parent=33535"}],"wp:term":[{"taxonomy":"product_brand","embeddable":true,"href":"https:\/\/beautystore-sa.com\/en\/wp-json\/wp\/v2\/product_brand?post=33535"},{"taxonomy":"product_cat","embeddable":true,"href":"https:\/\/beautystore-sa.com\/en\/wp-json\/wp\/v2\/product_cat?post=33535"},{"taxonomy":"product_tag","embeddable":true,"href":"https:\/\/beautystore-sa.com\/en\/wp-json\/wp\/v2\/product_tag?post=33535"}],"curies":[{"name":"wp","href":"https:\/\/api.w.org\/{rel}","templated":true}]}}