{"id":33532,"date":"2024-04-05T01:10:17","date_gmt":"2024-04-05T01:10:17","guid":{"rendered":"https:\/\/beautystore-sa.com\/products\/%d8%b5%d8%a7%d8%a8%d9%88%d9%86-%d9%8a%d8%af-%d8%b1%d8%ba%d9%88%d9%8a-%d8%a8%d8%ae%d9%84%d8%a7%d8%b5%d8%a9-%d8%b2%d9%8a%d8%aa-%d8%a7%d9%84%d8%b2%d9%8a%d8%aa%d9%88%d9%86-%d9%88%d8%a7%d9%84%d9%84%d8%a7\/"},"modified":"2024-04-22T18:40:47","modified_gmt":"2024-04-22T16:40:47","slug":"%d8%b5%d8%a7%d8%a8%d9%88%d9%86-%d9%8a%d8%af-%d8%b1%d8%ba%d9%88%d9%8a-%d8%a8%d8%ae%d9%84%d8%a7%d8%b5%d8%a9-%d8%b2%d9%8a%d8%aa-%d8%a7%d9%84%d8%b2%d9%8a%d8%aa%d9%88%d9%86-%d9%88%d8%a7%d9%84%d9%84%d8%a7","status":"publish","type":"product","link":"https:\/\/beautystore-sa.com\/en\/products\/%d8%b5%d8%a7%d8%a8%d9%88%d9%86-%d9%8a%d8%af-%d8%b1%d8%ba%d9%88%d9%8a-%d8%a8%d8%ae%d9%84%d8%a7%d8%b5%d8%a9-%d8%b2%d9%8a%d8%aa-%d8%a7%d9%84%d8%b2%d9%8a%d8%aa%d9%88%d9%86-%d9%88%d8%a7%d9%84%d9%84%d8%a7\/","title":{"rendered":"Ala\u00e7ati Lavender Foam Soap with Natural Olive Oil 500 ML"},"content":{"rendered":"<p>Ey\u00fcp Sabri Tuncer Ala\u00e7at\u0131 Lavender Natural Olive Oil Foam Soap is a daily cleansing product for hands and face, containing 100% natural olive oil, providing unique purification, moisture, softening, and care for all skin types.<\/p>\n<p>Ingredients: Aqua, Sodium Laureth Sulfate, Cocamidopropyl Betaine, Polysorbate 20, Glycerin, Sodium PEG-7 Olive Oil Carboxylate, Parfum, Cocamine Oxide, C12-13 Pareth-9, Glycereth-17 Cocoate, Olea Europaea Fruit Oil, Benzyl Alcohol, Methylchloroisothiazolinone, Methlisothiazolinone , Citric Acid, Benzophenone-4, Tetrasodium EDTA, Linalool, CI 17200, CI 42090.<\/p>\n<p>Usage: Wet your hands, spread an appropriate amount of Ey\u00fcp Sabri Tuncer Ala\u00e7at\u0131 Lavender Natural Olive Oil Foam Soap onto your hands, and rinse gently.<\/p>\n<p>Warnings:<\/p>\n<p>Store in a cool place. Protect from sunlight.<\/p>\n<p>Shelf life:<br \/>\n12 months after opening<\/p>\n<p>Made in Turkey.<\/p>\n","protected":false},"excerpt":{"rendered":"<p style=\"text-align: left\">Ey\u00fcp Sabri Tuncer Ala\u00e7at\u0131 Lavender Natural Olive Oil Foam Soap is a daily cleansing product for hands and face, containing 100% natural olive oil, providing unique purification, moisture, softening, and care for all skin types.<\/p>\n<p>&nbsp;<\/p>\n","protected":false},"featured_media":29309,"comment_status":"closed","ping_status":"closed","template":"","meta":[],"product_brand":[],"product_cat":[555,588],"product_tag":[],"class_list":{"0":"post-33532","1":"product","2":"type-product","3":"status-publish","4":"has-post-thumbnail","6":"product_cat-personal-care","7":"product_cat-hand-soaps","9":"first","10":"instock","11":"sale","12":"taxable","13":"shipping-taxable","14":"purchasable","15":"product-type-simple"},"_links":{"self":[{"href":"https:\/\/beautystore-sa.com\/en\/wp-json\/wp\/v2\/product\/33532","targetHints":{"allow":["GET"]}}],"collection":[{"href":"https:\/\/beautystore-sa.com\/en\/wp-json\/wp\/v2\/product"}],"about":[{"href":"https:\/\/beautystore-sa.com\/en\/wp-json\/wp\/v2\/types\/product"}],"replies":[{"embeddable":true,"href":"https:\/\/beautystore-sa.com\/en\/wp-json\/wp\/v2\/comments?post=33532"}],"version-history":[{"count":0,"href":"https:\/\/beautystore-sa.com\/en\/wp-json\/wp\/v2\/product\/33532\/revisions"}],"wp:featuredmedia":[{"embeddable":true,"href":"https:\/\/beautystore-sa.com\/en\/wp-json\/wp\/v2\/media\/29309"}],"wp:attachment":[{"href":"https:\/\/beautystore-sa.com\/en\/wp-json\/wp\/v2\/media?parent=33532"}],"wp:term":[{"taxonomy":"product_brand","embeddable":true,"href":"https:\/\/beautystore-sa.com\/en\/wp-json\/wp\/v2\/product_brand?post=33532"},{"taxonomy":"product_cat","embeddable":true,"href":"https:\/\/beautystore-sa.com\/en\/wp-json\/wp\/v2\/product_cat?post=33532"},{"taxonomy":"product_tag","embeddable":true,"href":"https:\/\/beautystore-sa.com\/en\/wp-json\/wp\/v2\/product_tag?post=33532"}],"curies":[{"name":"wp","href":"https:\/\/api.w.org\/{rel}","templated":true}]}}