{"id":33372,"date":"2023-09-05T14:18:18","date_gmt":"2023-09-05T14:18:18","guid":{"rendered":"https:\/\/beautystore-sa.com\/products\/%d9%84%d9%88%d8%b4%d9%86-%d8%a7%d9%84%d8%a3%d8%b7%d9%81%d8%a7%d9%84-%d8%a8%d8%ae%d9%84%d8%a7%d8%b5%d8%a9-%d8%b2%d9%8a%d8%aa-%d8%a7%d9%84%d8%b2%d9%8a%d8%aa%d9%88%d9%86-280-%d9%85%d9%84-2\/"},"modified":"2024-04-22T18:42:26","modified_gmt":"2024-04-22T16:42:26","slug":"%d9%84%d9%88%d8%b4%d9%86-%d8%a7%d9%84%d8%a3%d8%b7%d9%81%d8%a7%d9%84-%d8%a8%d8%ae%d9%84%d8%a7%d8%b5%d8%a9-%d8%b2%d9%8a%d8%aa-%d8%a7%d9%84%d8%b2%d9%8a%d8%aa%d9%88%d9%86-280-%d9%85%d9%84-2","status":"publish","type":"product","link":"https:\/\/beautystore-sa.com\/en\/products\/%d9%84%d9%88%d8%b4%d9%86-%d8%a7%d9%84%d8%a3%d8%b7%d9%81%d8%a7%d9%84-%d8%a8%d8%ae%d9%84%d8%a7%d8%b5%d8%a9-%d8%b2%d9%8a%d8%aa-%d8%a7%d9%84%d8%b2%d9%8a%d8%aa%d9%88%d9%86-280-%d9%85%d9%84-2\/","title":{"rendered":"Natural Olive Baby Oil 280 ML"},"content":{"rendered":"<p><span data-sheets-value=\"{&quot;1&quot;:2,&quot;2&quot;:&quot;\u0632\u064a\u062a \u064a\u0648\u0641\u0631 \u062a\u0631\u0637\u064a\u0628 \u0645\u0643\u062b\u0641 \u0644\u0628\u0634\u0631\u0629 \u0637\u0641\u0644\u0643 \u0648\u064a\u0631\u064a\u062d\u0647\u0627 \u0648\u064a\u063a\u0630\u064a\u0647\u0627. \u064a\u062d\u062a\u0648\u0649 \u0639\u0644\u0649 \u0641\u064a\u062a\u0627\u0645\u064a\u0646 \u0647\u0640. \u0648\u064a\u0648\u0641\u0631 \u0627\u0645\u062a\u0635\u0627\u0635\u064b\u0627 \u0639\u0627\u0644\u064a\u064b\u0627 \u0639\u0646 \u0637\u0631\u064a\u0642 \u062a\u0631\u0637\u064a\u0628 \u0627\u0644\u0628\u0634\u0631\u0629 \u0627\u0644\u062c\u0627\u0641\u0629 \u0628\u062d\u0645\u0636 \u0627\u0644\u0623\u0648\u0644\u064a\u0643 \u0627\u0644\u0639\u0627\u0644\u064a \u0627\u0644\u0645\u0648\u062c\u0648\u062f \u0641\u064a \u0632\u064a\u062a \u0627\u0644\u0623\u0641\u0648\u0643\u0627\u062f\u0648 \u0627\u0644\u0637\u0628\u064a\u0639\u064a. \u0648\u064a\u0633\u0627\u0639\u062f \u0639\u0644\u0649 \u062a\u0642\u0648\u064a\u0629 \u062d\u0627\u062c\u0632 \u0627\u0644\u0628\u0634\u0631\u0629 \u0628\u0627\u0644\u0633\u064a\u0631\u0627\u0645\u064a\u062f \u0641\u064a \u0632\u064a\u062a \u0627\u0644\u062c\u0648\u062c\u0648\u0628\u0627 \u0627\u0644\u0639\u0636\u0648\u064a \u064a\u062d\u062a\u0648\u0649 \u0623\u064a\u0636\u0627\u064b \u0639\u0644\u0649 \u0641\u064a\u062a\u0627\u0645\u064a\u0646 \u0623 \u0627\u0644\u0630\u0649 \u064a\u062d\u0627\u0641\u0638 \u0639\u0644\u0649 \u0628\u0634\u0631\u0629 \u0637\u0641\u0644\u0643 \u0631\u0637\u0628\u0629. \u0648\u0632\u064a\u062a \u0627\u0644\u0644\u0648\u0632 \u0627\u0644\u062d\u0644\u0648 \u0645\u0639 \u0641\u064a\u062a\u0627\u0645\u064a\u0646\u0627\u062a \u0623 \u060c \u0628 \u060c \u0647\u0640\\n\\n\u064a\u062c\u0639\u0644 \u0628\u0634\u0631\u0629 \u0637\u0641\u0644\u0643 \u0623\u0643\u062b\u0631 \u0646\u0639\u0648\u0645\u0629.\\n\\n\u0627\u0644\u0645\u0643\u0648\u0646\u0627\u062a:\\n\u0628\u0631\u0627\u0641\u064a\u0646 \u0644\u064a\u0643\u0648\u064a\u062f\u0648\u0645 \u060c \u0632\u064a\u062a \u0628\u0631\u0648\u0646\u0648\u0633 \u0623\u0645\u064a\u062c\u062f\u0627\u0644\u0648\u0633 \u062f\u0648\u0644\u0633\u064a\u0633 (\u0632\u064a\u062a \u0644\u0648\u0632 \u062d\u0644\u0648) \u060c \u0623\u0648\u0646\u062f\u064a\u0643\u0627\u0646 \u060c \u062a\u0631\u0627\u064a\u062f\u0643\u0627\u0646 \u060c \u0632\u064a\u062a \u0641\u0627\u0643\u0647\u0629 \u0623\u0648\u0644\u064a\u0627 \u064a\u0648\u0631\u0648\u0628\u0627 (\u062f\u0648\u062c\u0627\u0644 \u0632\u064a\u062a\u064a\u0646\u064a\u0627\u062c\u064a) \u060c \u0632\u064a\u062a \u0628\u064a\u0631\u0633\u064a \u062c\u0631\u0627\u062a\u064a\u0633\u064a\u0645\u0627 (\u0623\u0641\u0648\u0643\u0627\u062f\u0648 \u064a\u0627\u063a\u064a) \u060c ** \u0632\u064a\u062a \u0628\u0630\u0648\u0631 \u0633\u064a\u0645\u0648\u0646\u062f\u0633\u064a\u0627 \u062a\u0634\u064a\u0646\u064a\u0646\u0633\u064a\u0633 (\u0632\u064a\u062a \u0627\u0644\u062c\u0648\u062c\u0648\u0628\u0627) \u060c \u062a\u0648\u0643\u0648\u0641\u064a\u0631\u0648\u0644 \u0639\u0637\u0631\\n\\n\u0627\u0644\u062a\u0639\u0644\u064a\u0645\u0627\u062a:\\n\u064a\u0648\u0635\u0649 \u0628\u0627\u0633\u062a\u062e\u062f\u0627\u0645 \u0632\u064a\u062a \u0627\u0644\u0623\u0637\u0641\u0627\u0644 \u0628\u0632\u064a\u062a \u0627\u0644\u0632\u064a\u062a\u0648\u0646 \u0627\u0644\u0637\u0628\u064a\u0639\u064a \u0639\u0644\u0649 \u062c\u0645\u064a\u0639 \u0628\u0634\u0631\u0629 \u0637\u0641\u0644\u0643 \u0628\u062d\u0633\u0627\u0633\u064a\u0629 \u0645\u0639 \u062a\u0639\u0644\u064a\u0645\u0627\u062a \u0627\u0644\u0627\u0633\u062a\u062e\u062f\u0627\u0645 \u0648\u062a\u0635\u0645\u064a\u0645 \u0633\u0647\u0644 \u0627\u0644\u0627\u0633\u062a\u062e\u062f\u0627\u0645.\\n\\n\u0627\u0644\u062a\u062d\u0630\u064a\u0631\u0627\u062a:\\n\u064a\u062d\u0641\u0638 \u0641\u064a \u0645\u0643\u0627\u0646 \u0628\u0627\u0631\u062f. \u064a\u062d\u0641\u0638 \u0628\u0639\u064a\u062f\u0627\u064b \u0639\u0646 \u0623\u0634\u0639\u0629 \u0627\u0644\u0634\u0645\u0633 \u0627\u0644\u0645\u0628\u0627\u0634\u0631\u0629. \u063a\u064a\u0631 \u0642\u0627\u0628\u0644 \u0644\u0644\u0634\u0631\u0628\\n\\n\u0645\u062f\u0629 \u0627\u0644\u0635\u0644\u0627\u062d\u064a\u0629: \u062b\u0644\u0627\u062b \u0633\u0646\u0648\u0627\u062a \u0628\u0639\u062f \u062a\u0627\u0631\u064a\u062e \u0627\u0644\u0625\u0646\u062a\u0627\u062c \u064812 \u0634\u0647\u0631\u0627\u064b \u0628\u0639\u062f \u0641\u062a\u062d \u0627\u0644\u063a\u0637\u0627\u0621\\n\\n\u0635\u0646\u0639 \u0641\u064a \u062a\u0631\u0643\u064a\u0627&quot;}\" data-sheets-userformat=\"{&quot;2&quot;:12995,&quot;3&quot;:{&quot;1&quot;:2,&quot;2&quot;:&quot;0.00&quot;,&quot;3&quot;:1},&quot;4&quot;:{&quot;1&quot;:2,&quot;2&quot;:16777215},&quot;9&quot;:2,&quot;10&quot;:1,&quot;12&quot;:1,&quot;15&quot;:&quot;Montserrat&quot;,&quot;16&quot;:12}\">Provides intense hydration to your baby&#8217;s skin and relaxes, and nourishes your baby&#8217;s skin with vitamin E content. Provides high absorption by moisturizing dry skin with high oleic acid contained in natural Avocado oil. Helps strengthen the skin barrier with ceramide in organic jojoba oil. Vitamin A keeps your baby&#8217;s skin moist. Sweet almond oil with vitamins A, B and E<\/span><\/p>\n<p>makes your baby&#8217;s skin soft.<\/p>\n<p class=\" translation-block\">Ingredients: Paraffinum Liquidum, Prunus Amygdalus Dulcis Oil (sweet almond oil), Undecane, Tridecane, Olea Europaea Fruit Oil (Do\u011fal Zeytinya\u011f\u0131), Persea Gratissima Oil (Avocado Ya\u011f\u0131), **Simmondsia Chinensis Seed Oil (Jojoba Oil), Tocopherol (E Vitamin), Parfum<\/p>\n<p class=\" translation-block\">Instructions: It is recommended that Natural Olive Oil Baby Oil should be applied to all skin of your baby sensitively with its usage instructions and easy-to-use design.<\/p>\n<p class=\" translation-block\">Warnings: Keep in a cool place. Protect from direct sunlight. Not drinkable<\/p>\n<p>Lifetime: Three years after the production date &amp; After opening the cap 12 months.<\/p>\n<p>Made in Turkey<\/p>\n","protected":false},"excerpt":{"rendered":"<div class=\"woocommerce-product-details__short-description\">\n<p><span data-sheets-value=\"{&quot;1&quot;:2,&quot;2&quot;:&quot;\u0632\u064a\u062a \u0644\u0644\u0623\u0637\u0641\u0627\u0644 \u064a\u063a\u0630\u0649 \u0627\u0644\u0628\u0634\u0631\u0629 \u0648\u064a\u0631\u0637\u0628\u0647\u0627. \u0644\u0625\u0646\u0647 \u064a\u062d\u062a\u0648\u0649 \u0639\u0644\u0649 (\u0641\u064a\u062a\u0627\u0645\u064a\u0646 \u0647\u0640 - \u0632\u064a\u062a \u0627\u0644\u0623\u0641\u0648\u0643\u0627\u062f\u0648 \u0627\u0644\u0637\u0628\u064a\u0639\u064a - \u0632\u064a\u062a \u0627\u0644\u062c\u0648\u062c\u0648\u0628\u0627 \u0627\u0644\u0639\u0636\u0648\u064a - \u0641\u064a\u062a\u0627\u0645\u064a\u0646 \u0623 - \u0632\u064a\u062a \u0627\u0644\u0644\u0648\u0632 \u0627\u0644\u062d\u0644\u0648 - \u0648\u0641\u064a\u062a\u0627\u0645\u064a\u0646\u0627\u062a \u0623 \u060c \u0628 \u060c \u0647\u0640)&quot;}\" data-sheets-userformat=\"{&quot;2&quot;:12931,&quot;3&quot;:{&quot;1&quot;:0},&quot;4&quot;:{&quot;1&quot;:2,&quot;2&quot;:16777215},&quot;10&quot;:1,&quot;12&quot;:1,&quot;15&quot;:&quot;Montserrat&quot;,&quot;16&quot;:12}\">Baby oil that nourishes and moisturizes the skin. It contains Vitamin E &#8211; Natural Avocado Oil &#8211; Organic Jojoba Oil &#8211; Vitamin A &#8211; Sweet Almond Oil and Vitamins A, B, E)<\/span><\/p>\n<\/div>\n","protected":false},"featured_media":29154,"comment_status":"closed","ping_status":"closed","template":"","meta":[],"product_brand":[],"product_cat":[569,570],"product_tag":[290,320],"class_list":{"0":"post-33372","1":"product","2":"type-product","3":"status-publish","4":"has-post-thumbnail","6":"product_cat-baby-care-en","7":"product_cat-body-care-en","8":"product_tag----en","9":"product_tag---en","11":"first","12":"instock","13":"sale","14":"taxable","15":"shipping-taxable","16":"purchasable","17":"product-type-simple"},"_links":{"self":[{"href":"https:\/\/beautystore-sa.com\/en\/wp-json\/wp\/v2\/product\/33372","targetHints":{"allow":["GET"]}}],"collection":[{"href":"https:\/\/beautystore-sa.com\/en\/wp-json\/wp\/v2\/product"}],"about":[{"href":"https:\/\/beautystore-sa.com\/en\/wp-json\/wp\/v2\/types\/product"}],"replies":[{"embeddable":true,"href":"https:\/\/beautystore-sa.com\/en\/wp-json\/wp\/v2\/comments?post=33372"}],"version-history":[{"count":0,"href":"https:\/\/beautystore-sa.com\/en\/wp-json\/wp\/v2\/product\/33372\/revisions"}],"wp:featuredmedia":[{"embeddable":true,"href":"https:\/\/beautystore-sa.com\/en\/wp-json\/wp\/v2\/media\/29154"}],"wp:attachment":[{"href":"https:\/\/beautystore-sa.com\/en\/wp-json\/wp\/v2\/media?parent=33372"}],"wp:term":[{"taxonomy":"product_brand","embeddable":true,"href":"https:\/\/beautystore-sa.com\/en\/wp-json\/wp\/v2\/product_brand?post=33372"},{"taxonomy":"product_cat","embeddable":true,"href":"https:\/\/beautystore-sa.com\/en\/wp-json\/wp\/v2\/product_cat?post=33372"},{"taxonomy":"product_tag","embeddable":true,"href":"https:\/\/beautystore-sa.com\/en\/wp-json\/wp\/v2\/product_tag?post=33372"}],"curies":[{"name":"wp","href":"https:\/\/api.w.org\/{rel}","templated":true}]}}