{"id":33010,"date":"2023-09-05T15:36:26","date_gmt":"2023-09-05T15:36:26","guid":{"rendered":"https:\/\/beautystore-sa.com\/product\/%d9%83%d9%88%d9%84%d9%88%d9%86%d9%8a%d8%a7-%d8%a8%d8%b1%d8%a7%d8%b9%d9%85-%d8%b2%d9%87%d8%b1%d8%a9-%d8%a7%d9%84%d8%b2%d9%8a%d8%aa%d9%88%d9%86-400-%d9%85%d9%84-%d8%b9%d8%a8%d9%88%d8%a9-%d8%a8%d9%84\/"},"modified":"2025-09-28T08:16:27","modified_gmt":"2025-09-28T08:16:27","slug":"%d9%83%d9%88%d9%84%d9%88%d9%86%d9%8a%d8%a7-%d8%a8%d8%b1%d8%a7%d8%b9%d9%85-%d8%b2%d9%87%d8%b1%d8%a9-%d8%a7%d9%84%d8%b2%d9%8a%d8%aa%d9%88%d9%86-400-%d9%85%d9%84-%d8%b9%d8%a8%d9%88%d8%a9-%d8%a8%d9%84","status":"publish","type":"product","link":"https:\/\/beautystore-sa.com\/en\/products\/%d9%83%d9%88%d9%84%d9%88%d9%86%d9%8a%d8%a7-%d8%a8%d8%b1%d8%a7%d8%b9%d9%85-%d8%b2%d9%87%d8%b1%d8%a9-%d8%a7%d9%84%d8%b2%d9%8a%d8%aa%d9%88%d9%86-400-%d9%85%d9%84-%d8%b9%d8%a8%d9%88%d8%a9-%d8%a8%d9%84\/","title":{"rendered":"Ayvalik Olive Blossom Cologne 400 ML Plastic Bottle"},"content":{"rendered":"<p>The olive blossoms were picked from the olive groves of Ayval\u0131k and were processed into olive oils in the Kazda\u011f\u0131 and Madra Mountains, bringing together the naturalness of its harvest.<\/p>\n<p><strong>Cologne Notes:<\/strong><br \/>\nTop notes: Lemon, orange, tangerine<br \/>\nHeart notes: Olive blossom, violet, rose, jasmine<br \/>\nBase notes: White musk, patchouli, amber<\/p>\n<p><strong>How to Use:<\/strong><br \/>\nPour the cologne onto hands, and wrists. Lightly dab the cologne onto the arms and neck<\/p>\n<p><strong>Ingredients:<\/strong><br \/>\nAlcohol, Aqua, Parfum, Citral, Citronellol, Coumarin, Alpha Isomethyl Ionone, Limonene, Linalool, CI 16255<\/p>\n<p><strong>Instructions:<\/strong><br \/>\nExternal use only.<\/p>\n<p><strong>Warnings:<\/strong><br \/>\nKeep in a cool and dry place, Protect from direct sunlight, Not drinkable. It is flammable.<br \/>\nKeep away from children. Avoid contact with eyes.<\/p>\n<p><strong>Lifetime:<\/strong><br \/>\nThree years after the production date &amp; After opening the cap 12 months.<\/p>\n<p>Made in Turkey<\/p>\n","protected":false},"excerpt":{"rendered":"<p><span data-sheets-root=\"1\" data-sheets-value=\"{&quot;1&quot;:2,&quot;2&quot;:&quot;Perfume notes\\nTop notes: Lemon, orange, tangerine\\nHeart notes: Olive blossom, violet, rose, jasmine\\nBase notes: White musk, patchouli, amber&quot;}\" data-sheets-userformat=\"{&quot;2&quot;:15299,&quot;3&quot;:{&quot;1&quot;:0},&quot;4&quot;:{&quot;1&quot;:3,&quot;3&quot;:8},&quot;9&quot;:0,&quot;10&quot;:1,&quot;11&quot;:4,&quot;12&quot;:0,&quot;14&quot;:{&quot;1&quot;:2,&quot;2&quot;:0},&quot;15&quot;:&quot;Montserrat&quot;,&quot;16&quot;:12}\">Cologne Notes<\/span><\/p>\n<ul>\n<li><span data-sheets-root=\"1\" data-sheets-value=\"{&quot;1&quot;:2,&quot;2&quot;:&quot;Perfume notes\\nTop notes: Lemon, orange, tangerine\\nHeart notes: Olive blossom, violet, rose, jasmine\\nBase notes: White musk, patchouli, amber&quot;}\" data-sheets-userformat=\"{&quot;2&quot;:15299,&quot;3&quot;:{&quot;1&quot;:0},&quot;4&quot;:{&quot;1&quot;:3,&quot;3&quot;:8},&quot;9&quot;:0,&quot;10&quot;:1,&quot;11&quot;:4,&quot;12&quot;:0,&quot;14&quot;:{&quot;1&quot;:2,&quot;2&quot;:0},&quot;15&quot;:&quot;Montserrat&quot;,&quot;16&quot;:12}\">Top Notes: Lemon, orange, tangerine<\/span><\/li>\n<li><span data-sheets-root=\"1\" data-sheets-value=\"{&quot;1&quot;:2,&quot;2&quot;:&quot;Perfume notes\\nTop notes: Lemon, orange, tangerine\\nHeart notes: Olive blossom, violet, rose, jasmine\\nBase notes: White musk, patchouli, amber&quot;}\" data-sheets-userformat=\"{&quot;2&quot;:15299,&quot;3&quot;:{&quot;1&quot;:0},&quot;4&quot;:{&quot;1&quot;:3,&quot;3&quot;:8},&quot;9&quot;:0,&quot;10&quot;:1,&quot;11&quot;:4,&quot;12&quot;:0,&quot;14&quot;:{&quot;1&quot;:2,&quot;2&quot;:0},&quot;15&quot;:&quot;Montserrat&quot;,&quot;16&quot;:12}\">Heart Notes: Olive blossom, violet, rose, jasmine<\/span><\/li>\n<li><span data-sheets-root=\"1\" data-sheets-value=\"{&quot;1&quot;:2,&quot;2&quot;:&quot;Perfume notes\\nTop notes: Lemon, orange, tangerine\\nHeart notes: Olive blossom, violet, rose, jasmine\\nBase notes: White musk, patchouli, amber&quot;}\" data-sheets-userformat=\"{&quot;2&quot;:15299,&quot;3&quot;:{&quot;1&quot;:0},&quot;4&quot;:{&quot;1&quot;:3,&quot;3&quot;:8},&quot;9&quot;:0,&quot;10&quot;:1,&quot;11&quot;:4,&quot;12&quot;:0,&quot;14&quot;:{&quot;1&quot;:2,&quot;2&quot;:0},&quot;15&quot;:&quot;Montserrat&quot;,&quot;16&quot;:12}\">Base Notes: White musk, patchouli, amber<\/span><\/li>\n<\/ul>\n","protected":false},"featured_media":30037,"comment_status":"closed","ping_status":"closed","template":"","meta":[],"product_brand":[],"product_cat":[752,554],"product_tag":[321,359,290,291,322],"class_list":{"0":"post-33010","1":"product","2":"type-product","3":"status-publish","4":"has-post-thumbnail","6":"product_cat-plastic-cologne-bottles","7":"product_cat-cologne-en","8":"product_tag-colonia-en","9":"product_tag--en","10":"product_tag----en","14":"first","15":"instock","16":"sale","17":"taxable","18":"shipping-taxable","19":"purchasable","20":"product-type-simple"},"_links":{"self":[{"href":"https:\/\/beautystore-sa.com\/en\/wp-json\/wp\/v2\/product\/33010","targetHints":{"allow":["GET"]}}],"collection":[{"href":"https:\/\/beautystore-sa.com\/en\/wp-json\/wp\/v2\/product"}],"about":[{"href":"https:\/\/beautystore-sa.com\/en\/wp-json\/wp\/v2\/types\/product"}],"replies":[{"embeddable":true,"href":"https:\/\/beautystore-sa.com\/en\/wp-json\/wp\/v2\/comments?post=33010"}],"version-history":[{"count":1,"href":"https:\/\/beautystore-sa.com\/en\/wp-json\/wp\/v2\/product\/33010\/revisions"}],"predecessor-version":[{"id":45498,"href":"https:\/\/beautystore-sa.com\/en\/wp-json\/wp\/v2\/product\/33010\/revisions\/45498"}],"wp:featuredmedia":[{"embeddable":true,"href":"https:\/\/beautystore-sa.com\/en\/wp-json\/wp\/v2\/media\/30037"}],"wp:attachment":[{"href":"https:\/\/beautystore-sa.com\/en\/wp-json\/wp\/v2\/media?parent=33010"}],"wp:term":[{"taxonomy":"product_brand","embeddable":true,"href":"https:\/\/beautystore-sa.com\/en\/wp-json\/wp\/v2\/product_brand?post=33010"},{"taxonomy":"product_cat","embeddable":true,"href":"https:\/\/beautystore-sa.com\/en\/wp-json\/wp\/v2\/product_cat?post=33010"},{"taxonomy":"product_tag","embeddable":true,"href":"https:\/\/beautystore-sa.com\/en\/wp-json\/wp\/v2\/product_tag?post=33010"}],"curies":[{"name":"wp","href":"https:\/\/api.w.org\/{rel}","templated":true}]}}