{"id":32865,"date":"2024-04-05T01:10:41","date_gmt":"2024-04-05T01:10:41","guid":{"rendered":"https:\/\/beautystore-sa.com\/product\/%d8%b7%d9%82%d9%85-%d9%81%d8%a7%d8%ae%d8%b1-%d8%a7%d9%84%d8%b9%d9%86%d8%a7%d9%8a%d8%a9-%d8%a8%d8%b1%d8%a7%d8%a6%d8%ad%d8%a9-%d8%a7%d9%84%d9%84%d9%8a%d9%85%d9%88%d9%86-%d8%b4%d9%8a%d8%b4%d9%85%d9%8a\/"},"modified":"2025-03-06T13:28:29","modified_gmt":"2025-03-06T13:28:29","slug":"%d8%b7%d9%82%d9%85-%d9%81%d8%a7%d8%ae%d8%b1-%d8%a7%d9%84%d8%b9%d9%86%d8%a7%d9%8a%d8%a9-%d8%a8%d8%b1%d8%a7%d8%a6%d8%ad%d8%a9-%d8%a7%d9%84%d9%84%d9%8a%d9%85%d9%88%d9%86-%d8%b4%d9%8a%d8%b4%d9%85%d9%8a","status":"publish","type":"product","link":"https:\/\/beautystore-sa.com\/en\/products\/%d8%b7%d9%82%d9%85-%d9%81%d8%a7%d8%ae%d8%b1-%d8%a7%d9%84%d8%b9%d9%86%d8%a7%d9%8a%d8%a9-%d8%a8%d8%b1%d8%a7%d8%a6%d8%ad%d8%a9-%d8%a7%d9%84%d9%84%d9%8a%d9%85%d9%88%d9%86-%d8%b4%d9%8a%d8%b4%d9%85%d9%8a\/","title":{"rendered":"\u00c7e\u015fme Lemon Personal Care Set"},"content":{"rendered":"<p>This scent which energizes with its unique and universal aroma designed by taking inspiration from \u00c7e\u015fme\u2019s captivating lemons opens with \u00c7e\u015fme Lemon and lemon tree leaves. The lemon flower and white flower aromas in the scent\u2019s middle notes<br \/>\nwill evoke your most precious memories from \u00c7e\u015fme. The oak moss and musks in the base notes themselves awaken a feeling of therapy. The EST 1923 \u00c7e\u015fme Lemon Set of 4 Personal Care Set is an incredible combination of the products. Adds elegant and decorative air to your bathrooms with its special plexy base.<\/p>\n<p><strong>Set Contents:<\/strong><br \/>\nReed Diffuser 50 ml &#8211; Organic Argan Oil Hand and Body Lotion 250 ml &#8211; Eau de Cologne 150 ml &#8211; Organic Olive Oil Liquid Soap 250 ml<\/p>\n<p><strong>Warnings:<\/strong><br \/>\nKeep in a cool and dry place. Protect from direct light.<\/p>\n<p><strong>Lifetime:<\/strong><br \/>\nThree years after the production date After opening the cap 12 months.<\/p>\n<p>Made in Turkey<\/p>\n","protected":false},"excerpt":{"rendered":"<p>The \u00c7e\u015fme Lemon Set of 4 Personal Care Set is an incredible combination of the products. Adds elegant and decorative air to your bathrooms with its special plexy base.<\/p>\n<p><strong>Set Contents:<\/strong><br \/>\nReed Diffuser 50 ml &#8211; Organic Argan Oil Hand and Body Lotion 250 ml &#8211; Eau de Cologne 150 ml &#8211; Organic Olive Oil Liquid Soap 250 ml<\/p>\n","protected":false},"featured_media":29374,"comment_status":"closed","ping_status":"closed","template":"","meta":[],"product_brand":[],"product_cat":[603],"product_tag":[],"class_list":{"0":"post-32865","1":"product","2":"type-product","3":"status-publish","4":"has-post-thumbnail","6":"product_cat-gift-sets","8":"first","9":"instock","10":"sale","11":"taxable","12":"shipping-taxable","13":"purchasable","14":"product-type-simple"},"_links":{"self":[{"href":"https:\/\/beautystore-sa.com\/en\/wp-json\/wp\/v2\/product\/32865","targetHints":{"allow":["GET"]}}],"collection":[{"href":"https:\/\/beautystore-sa.com\/en\/wp-json\/wp\/v2\/product"}],"about":[{"href":"https:\/\/beautystore-sa.com\/en\/wp-json\/wp\/v2\/types\/product"}],"replies":[{"embeddable":true,"href":"https:\/\/beautystore-sa.com\/en\/wp-json\/wp\/v2\/comments?post=32865"}],"version-history":[{"count":0,"href":"https:\/\/beautystore-sa.com\/en\/wp-json\/wp\/v2\/product\/32865\/revisions"}],"wp:featuredmedia":[{"embeddable":true,"href":"https:\/\/beautystore-sa.com\/en\/wp-json\/wp\/v2\/media\/29374"}],"wp:attachment":[{"href":"https:\/\/beautystore-sa.com\/en\/wp-json\/wp\/v2\/media?parent=32865"}],"wp:term":[{"taxonomy":"product_brand","embeddable":true,"href":"https:\/\/beautystore-sa.com\/en\/wp-json\/wp\/v2\/product_brand?post=32865"},{"taxonomy":"product_cat","embeddable":true,"href":"https:\/\/beautystore-sa.com\/en\/wp-json\/wp\/v2\/product_cat?post=32865"},{"taxonomy":"product_tag","embeddable":true,"href":"https:\/\/beautystore-sa.com\/en\/wp-json\/wp\/v2\/product_tag?post=32865"}],"curies":[{"name":"wp","href":"https:\/\/api.w.org\/{rel}","templated":true}]}}